{"id":4420,"date":"2025-09-19T23:21:05","date_gmt":"2025-09-20T02:21:05","guid":{"rendered":"https:\/\/dmscarreiras.com.br\/?page_id=4420"},"modified":"2025-09-25T09:47:49","modified_gmt":"2025-09-25T12:47:49","slug":"sobre-mim","status":"publish","type":"page","link":"https:\/\/dmscarreiras.com.br\/profissionais\/sobre-mim\/","title":{"rendered":"Sobre mim"},"content":{"rendered":"\t\t<div data-elementor-type=\"wp-page\" data-elementor-id=\"4420\" class=\"elementor elementor-4420\" data-elementor-post-type=\"page\">\n\t\t\t\t<div class=\"elementor-element elementor-element-30f5e46 e-flex e-con-boxed e-con e-parent\" data-id=\"30f5e46\" data-element_type=\"container\" data-e-type=\"container\" data-settings=\"{&quot;background_background&quot;:&quot;classic&quot;}\">\n\t\t\t\t\t<div class=\"e-con-inner\">\n\t\t\t\t<div class=\"elementor-element elementor-element-d16689f elementor-widget__width-initial elementor-widget elementor-widget-heading\" data-id=\"d16689f\" data-element_type=\"widget\" data-e-type=\"widget\" data-widget_type=\"heading.default\">\n\t\t\t\t\t<h2 class=\"elementor-heading-title elementor-size-default\">Quem sou eu?<\/h2>\t\t\t\t<\/div>\n\t\t\t\t\t<\/div>\n\t\t\t\t<\/div>\n\t\t<div class=\"elementor-element elementor-element-cd1bfd8 e-flex e-con-boxed e-con e-parent\" data-id=\"cd1bfd8\" data-element_type=\"container\" data-e-type=\"container\">\n\t\t\t\t\t<div class=\"e-con-inner\">\n\t\t<div class=\"elementor-element elementor-element-17b5509 e-con-full e-flex e-con e-child\" data-id=\"17b5509\" data-element_type=\"container\" data-e-type=\"container\">\n\t\t\t\t<div class=\"elementor-element elementor-element-429fe20 animated-slow elementor-invisible elementor-widget elementor-widget-image\" data-id=\"429fe20\" data-element_type=\"widget\" data-e-type=\"widget\" data-settings=\"{&quot;_animation&quot;:&quot;fadeInUp&quot;}\" data-widget_type=\"image.default\">\n\t\t\t\t\t\t\t\t\t\t\t\t\t\t\t<img fetchpriority=\"high\" decoding=\"async\" width=\"846\" height=\"897\" src=\"https:\/\/dmscarreiras.com.br\/profissionais\/wp-content\/uploads\/2025\/09\/Imagem-do-WhatsApp-de-2024-03-23-as-09.47.12_cd90c6a7_rec.webp\" class=\"attachment-full size-full wp-image-5202\" alt=\"\" srcset=\"https:\/\/dmscarreiras.com.br\/profissionais\/wp-content\/uploads\/2025\/09\/Imagem-do-WhatsApp-de-2024-03-23-as-09.47.12_cd90c6a7_rec.webp 846w, https:\/\/dmscarreiras.com.br\/profissionais\/wp-content\/uploads\/2025\/09\/Imagem-do-WhatsApp-de-2024-03-23-as-09.47.12_cd90c6a7_rec-283x300.webp 283w, https:\/\/dmscarreiras.com.br\/profissionais\/wp-content\/uploads\/2025\/09\/Imagem-do-WhatsApp-de-2024-03-23-as-09.47.12_cd90c6a7_rec-768x814.webp 768w\" sizes=\"(max-width: 846px) 100vw, 846px\" \/>\t\t\t\t\t\t\t\t\t\t\t\t\t\t\t<\/div>\n\t\t\t\t<\/div>\n\t\t<div class=\"elementor-element elementor-element-0777d2e e-con-full e-flex e-con e-child\" data-id=\"0777d2e\" data-element_type=\"container\" data-e-type=\"container\">\n\t\t\t\t<div class=\"elementor-element elementor-element-c9c0804 elementor-widget elementor-widget-heading\" data-id=\"c9c0804\" data-element_type=\"widget\" data-e-type=\"widget\" data-widget_type=\"heading.default\">\n\t\t\t\t\t<h6 class=\"elementor-heading-title elementor-size-default\">Sobre mim<\/h6>\t\t\t\t<\/div>\n\t\t\t\t<div class=\"elementor-element elementor-element-acb8fda elementor-widget elementor-widget-elementskit-heading\" data-id=\"acb8fda\" data-element_type=\"widget\" data-e-type=\"widget\" data-widget_type=\"elementskit-heading.default\">\n\t\t\t\t\t<div class=\"ekit-wid-con\" ><div class=\"ekit-heading elementskit-section-title-wraper text_left   ekit_heading_tablet-text_center   ekit_heading_mobile-\"><h2 class=\"ekit-heading--title elementskit-section-title \">Seja bem vindo<\/h2><\/div><\/div>\t\t\t\t<\/div>\n\t\t\t\t<div class=\"elementor-element elementor-element-0fb21cd elementor-widget elementor-widget-text-editor\" data-id=\"0fb21cd\" data-element_type=\"widget\" data-e-type=\"widget\" data-widget_type=\"text-editor.default\">\n\t\t\t\t\t\t\t\t\t<p>Sou Daniela Miranda de Souza, ge\u00f3grafa, coach e mentora de carreiras para profissionais de meio ambiental e atuo no mercado ambiental h\u00e1 15 anos.\u200b<\/p><p>Amo mapas e meio ambiente, mas senti h\u00e1 necessidade de explorar outras possibilidades de atua\u00e7\u00e3o. Depois de uma jornada de autoconhecimento percebi que faltava um elemento essencial nessa equa\u00e7\u00e3o profissional: pessoas.\u200b<\/p><p>\u200bFoi quando decidi unir minhas duas paix\u00f5es: meio ambiente e pessoas.\u200b<\/p><p>\u200bHoje ajudo profissionais do meio ambiente constru\u00edrem suas carreiras atrav\u00e9s do coaching, planejamento de carreira e posicionamento no LinkedIN.\u200b<\/p><p>\u200bAl\u00e9m disso ministro palestras e treinamentos corporativos para empresas do setor ambiental, promovendo o desenvolvimento de equipes e o fortalecimento de lideran\u00e7as conectadas \u00e0 sustentabilidade e \u00e0 inova\u00e7\u00e3o.\u200b<\/p>\t\t\t\t\t\t\t\t<\/div>\n\t\t\t\t<\/div>\n\t\t\t\t\t<\/div>\n\t\t\t\t<\/div>\n\t\t<div class=\"elementor-element elementor-element-9883442 e-flex e-con-boxed e-con e-parent\" data-id=\"9883442\" data-element_type=\"container\" data-e-type=\"container\" data-settings=\"{&quot;background_background&quot;:&quot;classic&quot;}\">\n\t\t\t\t\t<div class=\"e-con-inner\">\n\t\t<div class=\"elementor-element elementor-element-e658ecb e-con-full animated-slow e-flex elementor-invisible e-con e-child\" data-id=\"e658ecb\" data-element_type=\"container\" data-e-type=\"container\" data-settings=\"{&quot;animation&quot;:&quot;fadeInUp&quot;}\">\n\t\t\t\t<div class=\"elementor-element elementor-element-e7d7413 elementor-widget elementor-widget-elementskit-heading\" data-id=\"e7d7413\" data-element_type=\"widget\" data-e-type=\"widget\" data-widget_type=\"elementskit-heading.default\">\n\t\t\t\t\t<div class=\"ekit-wid-con\" ><div class=\"ekit-heading elementskit-section-title-wraper text_center   ekit_heading_tablet-   ekit_heading_mobile-\"><h2 class=\"ekit-heading--title elementskit-section-title \">Vamos nos conectar?<\/h2><\/div><\/div>\t\t\t\t<\/div>\n\t\t\t\t<div class=\"elementor-element elementor-element-56aae7b e-grid-align-mobile-center elementor-shape-rounded elementor-grid-0 e-grid-align-center elementor-widget elementor-widget-social-icons\" data-id=\"56aae7b\" data-element_type=\"widget\" data-e-type=\"widget\" data-widget_type=\"social-icons.default\">\n\t\t\t\t\t\t\t<div class=\"elementor-social-icons-wrapper elementor-grid\" role=\"list\">\n\t\t\t\t\t\t\t<span class=\"elementor-grid-item\" role=\"listitem\">\n\t\t\t\t\t<a class=\"elementor-icon elementor-social-icon elementor-social-icon-linkedin elementor-repeater-item-75f589c\" href=\"https:\/\/www.linkedin.com\/in\/danimsouza\/\" target=\"_blank\">\n\t\t\t\t\t\t<span class=\"elementor-screen-only\">Linkedin<\/span>\n\t\t\t\t\t\t<svg aria-hidden=\"true\" class=\"e-font-icon-svg e-fab-linkedin\" viewBox=\"0 0 448 512\" xmlns=\"http:\/\/www.w3.org\/2000\/svg\"><path d=\"M416 32H31.9C14.3 32 0 46.5 0 64.3v383.4C0 465.5 14.3 480 31.9 480H416c17.6 0 32-14.5 32-32.3V64.3c0-17.8-14.4-32.3-32-32.3zM135.4 416H69V202.2h66.5V416zm-33.2-243c-21.3 0-38.5-17.3-38.5-38.5S80.9 96 102.2 96c21.2 0 38.5 17.3 38.5 38.5 0 21.3-17.2 38.5-38.5 38.5zm282.1 243h-66.4V312c0-24.8-.5-56.7-34.5-56.7-34.6 0-39.9 27-39.9 54.9V416h-66.4V202.2h63.7v29.2h.9c8.9-16.8 30.6-34.5 62.9-34.5 67.2 0 79.7 44.3 79.7 101.9V416z\"><\/path><\/svg>\t\t\t\t\t<\/a>\n\t\t\t\t<\/span>\n\t\t\t\t\t\t\t<span class=\"elementor-grid-item\" role=\"listitem\">\n\t\t\t\t\t<a class=\"elementor-icon elementor-social-icon elementor-social-icon-instagram elementor-repeater-item-afc2679\" href=\"https:\/\/www.instagram.com\/danielamirandaz\/\" target=\"_blank\">\n\t\t\t\t\t\t<span class=\"elementor-screen-only\">Instagram<\/span>\n\t\t\t\t\t\t<svg aria-hidden=\"true\" class=\"e-font-icon-svg e-fab-instagram\" viewBox=\"0 0 448 512\" xmlns=\"http:\/\/www.w3.org\/2000\/svg\"><path d=\"M224.1 141c-63.6 0-114.9 51.3-114.9 114.9s51.3 114.9 114.9 114.9S339 319.5 339 255.9 287.7 141 224.1 141zm0 189.6c-41.1 0-74.7-33.5-74.7-74.7s33.5-74.7 74.7-74.7 74.7 33.5 74.7 74.7-33.6 74.7-74.7 74.7zm146.4-194.3c0 14.9-12 26.8-26.8 26.8-14.9 0-26.8-12-26.8-26.8s12-26.8 26.8-26.8 26.8 12 26.8 26.8zm76.1 27.2c-1.7-35.9-9.9-67.7-36.2-93.9-26.2-26.2-58-34.4-93.9-36.2-37-2.1-147.9-2.1-184.9 0-35.8 1.7-67.6 9.9-93.9 36.1s-34.4 58-36.2 93.9c-2.1 37-2.1 147.9 0 184.9 1.7 35.9 9.9 67.7 36.2 93.9s58 34.4 93.9 36.2c37 2.1 147.9 2.1 184.9 0 35.9-1.7 67.7-9.9 93.9-36.2 26.2-26.2 34.4-58 36.2-93.9 2.1-37 2.1-147.8 0-184.8zM398.8 388c-7.8 19.6-22.9 34.7-42.6 42.6-29.5 11.7-99.5 9-132.1 9s-102.7 2.6-132.1-9c-19.6-7.8-34.7-22.9-42.6-42.6-11.7-29.5-9-99.5-9-132.1s-2.6-102.7 9-132.1c7.8-19.6 22.9-34.7 42.6-42.6 29.5-11.7 99.5-9 132.1-9s102.7-2.6 132.1 9c19.6 7.8 34.7 22.9 42.6 42.6 11.7 29.5 9 99.5 9 132.1s2.7 102.7-9 132.1z\"><\/path><\/svg>\t\t\t\t\t<\/a>\n\t\t\t\t<\/span>\n\t\t\t\t\t<\/div>\n\t\t\t\t\t\t<\/div>\n\t\t\t\t<div class=\"elementor-element elementor-element-9373ee6 elementor-align-center elementor-widget elementor-widget-button\" data-id=\"9373ee6\" data-element_type=\"widget\" data-e-type=\"widget\" data-widget_type=\"button.default\">\n\t\t\t\t\t\t\t\t\t\t<a class=\"elementor-button elementor-button-link elementor-size-sm elementor-animation-grow\" href=\"https:\/\/api.whatsapp.com\/send?phone=+5511998822015&#038;text=Ol%C3%A1%2C+tudo+bem%3F+Vim+pelo+site+e+gostaria+de+tirar+uma+d%C3%BAvida\">\n\t\t\t\t\t\t<span class=\"elementor-button-content-wrapper\">\n\t\t\t\t\t\t\t\t\t<span class=\"elementor-button-text\">Vamos conversar<\/span>\n\t\t\t\t\t<\/span>\n\t\t\t\t\t<\/a>\n\t\t\t\t\t\t\t\t<\/div>\n\t\t\t\t<\/div>\n\t\t\t\t\t<\/div>\n\t\t\t\t<\/div>\n\t\t\t\t<\/div>\n\t\t","protected":false},"excerpt":{"rendered":"<p>Quem sou eu? Sobre mim Seja bem vindo Sou Daniela Miranda de Souza, ge\u00f3grafa, coach e mentora de carreiras para profissionais de meio ambiental e atuo no mercado ambiental h\u00e1 15 anos.\u200b Amo mapas e meio ambiente, mas senti h\u00e1 necessidade de explorar outras possibilidades de atua\u00e7\u00e3o. Depois de uma jornada de autoconhecimento percebi que [&hellip;]<\/p>\n","protected":false},"author":1,"featured_media":0,"parent":0,"menu_order":0,"comment_status":"closed","ping_status":"closed","template":"elementor_header_footer","meta":{"_exactmetrics_skip_tracking":false,"_exactmetrics_sitenote_active":false,"_exactmetrics_sitenote_note":"","_exactmetrics_sitenote_category":0,"footnotes":""},"class_list":["post-4420","page","type-page","status-publish","hentry"],"yoast_head":"<!-- This site is optimized with the Yoast SEO plugin v27.4 - https:\/\/yoast.com\/product\/yoast-seo-wordpress\/ -->\n<title>Sobre mim - DMS Carreiras<\/title>\n<meta name=\"robots\" content=\"index, follow, max-snippet:-1, max-image-preview:large, max-video-preview:-1\" \/>\n<link rel=\"canonical\" href=\"https:\/\/dmscarreiras.com.br\/profissionais\/sobre-mim\/\" \/>\n<meta property=\"og:locale\" content=\"pt_BR\" \/>\n<meta property=\"og:type\" content=\"article\" \/>\n<meta property=\"og:title\" content=\"Sobre mim - DMS Carreiras\" \/>\n<meta property=\"og:description\" content=\"Quem sou eu? Sobre mim Seja bem vindo Sou Daniela Miranda de Souza, ge\u00f3grafa, coach e mentora de carreiras para profissionais de meio ambiental e atuo no mercado ambiental h\u00e1 15 anos.\u200b Amo mapas e meio ambiente, mas senti h\u00e1 necessidade de explorar outras possibilidades de atua\u00e7\u00e3o. Depois de uma jornada de autoconhecimento percebi que [&hellip;]\" \/>\n<meta property=\"og:url\" content=\"https:\/\/dmscarreiras.com.br\/profissionais\/sobre-mim\/\" \/>\n<meta property=\"og:site_name\" content=\"DMS Carreiras\" \/>\n<meta property=\"article:publisher\" content=\"https:\/\/www.facebook.com\/coachdanielamirandaz\/\" \/>\n<meta property=\"article:modified_time\" content=\"2025-09-25T12:47:49+00:00\" \/>\n<meta property=\"og:image\" content=\"https:\/\/dmscarreiras.com.br\/profissionais\/wp-content\/uploads\/2025\/09\/Imagem-do-WhatsApp-de-2024-03-23-as-09.47.12_cd90c6a7_rec.webp\" \/>\n\t<meta property=\"og:image:width\" content=\"846\" \/>\n\t<meta property=\"og:image:height\" content=\"897\" \/>\n\t<meta property=\"og:image:type\" content=\"image\/webp\" \/>\n<meta name=\"twitter:card\" content=\"summary_large_image\" \/>\n<meta name=\"twitter:label1\" content=\"Est. tempo de leitura\" \/>\n\t<meta name=\"twitter:data1\" content=\"1 minuto\" \/>\n<script type=\"application\/ld+json\" class=\"yoast-schema-graph\">{\"@context\":\"https:\\\/\\\/schema.org\",\"@graph\":[{\"@type\":\"WebPage\",\"@id\":\"https:\\\/\\\/dmscarreiras.com.br\\\/profissionais\\\/sobre-mim\\\/\",\"url\":\"https:\\\/\\\/dmscarreiras.com.br\\\/profissionais\\\/sobre-mim\\\/\",\"name\":\"Sobre mim - DMS Carreiras\",\"isPartOf\":{\"@id\":\"https:\\\/\\\/dmscarreiras.com.br\\\/profissionais\\\/#website\"},\"primaryImageOfPage\":{\"@id\":\"https:\\\/\\\/dmscarreiras.com.br\\\/profissionais\\\/sobre-mim\\\/#primaryimage\"},\"image\":{\"@id\":\"https:\\\/\\\/dmscarreiras.com.br\\\/profissionais\\\/sobre-mim\\\/#primaryimage\"},\"thumbnailUrl\":\"https:\\\/\\\/dmscarreiras.com.br\\\/profissionais\\\/wp-content\\\/uploads\\\/2025\\\/09\\\/Imagem-do-WhatsApp-de-2024-03-23-as-09.47.12_cd90c6a7_rec.webp\",\"datePublished\":\"2025-09-20T02:21:05+00:00\",\"dateModified\":\"2025-09-25T12:47:49+00:00\",\"breadcrumb\":{\"@id\":\"https:\\\/\\\/dmscarreiras.com.br\\\/profissionais\\\/sobre-mim\\\/#breadcrumb\"},\"inLanguage\":\"pt-BR\",\"potentialAction\":[{\"@type\":\"ReadAction\",\"target\":[\"https:\\\/\\\/dmscarreiras.com.br\\\/profissionais\\\/sobre-mim\\\/\"]}]},{\"@type\":\"ImageObject\",\"inLanguage\":\"pt-BR\",\"@id\":\"https:\\\/\\\/dmscarreiras.com.br\\\/profissionais\\\/sobre-mim\\\/#primaryimage\",\"url\":\"https:\\\/\\\/dmscarreiras.com.br\\\/profissionais\\\/wp-content\\\/uploads\\\/2025\\\/09\\\/Imagem-do-WhatsApp-de-2024-03-23-as-09.47.12_cd90c6a7_rec.webp\",\"contentUrl\":\"https:\\\/\\\/dmscarreiras.com.br\\\/profissionais\\\/wp-content\\\/uploads\\\/2025\\\/09\\\/Imagem-do-WhatsApp-de-2024-03-23-as-09.47.12_cd90c6a7_rec.webp\",\"width\":846,\"height\":897},{\"@type\":\"BreadcrumbList\",\"@id\":\"https:\\\/\\\/dmscarreiras.com.br\\\/profissionais\\\/sobre-mim\\\/#breadcrumb\",\"itemListElement\":[{\"@type\":\"ListItem\",\"position\":1,\"name\":\"In\u00edcio\",\"item\":\"https:\\\/\\\/dmscarreiras.com.br\\\/profissionais\\\/\"},{\"@type\":\"ListItem\",\"position\":2,\"name\":\"Sobre mim\"}]},{\"@type\":\"WebSite\",\"@id\":\"https:\\\/\\\/dmscarreiras.com.br\\\/profissionais\\\/#website\",\"url\":\"https:\\\/\\\/dmscarreiras.com.br\\\/profissionais\\\/\",\"name\":\"Daniela Mirandaz\",\"description\":\"Mentora de Carreira Ambientais\",\"publisher\":{\"@id\":\"https:\\\/\\\/dmscarreiras.com.br\\\/profissionais\\\/#\\\/schema\\\/person\\\/388bcc3748ecb15af9cf746c36dda2d0\"},\"potentialAction\":[{\"@type\":\"SearchAction\",\"target\":{\"@type\":\"EntryPoint\",\"urlTemplate\":\"https:\\\/\\\/dmscarreiras.com.br\\\/profissionais\\\/?s={search_term_string}\"},\"query-input\":{\"@type\":\"PropertyValueSpecification\",\"valueRequired\":true,\"valueName\":\"search_term_string\"}}],\"inLanguage\":\"pt-BR\"},{\"@type\":[\"Person\",\"Organization\"],\"@id\":\"https:\\\/\\\/dmscarreiras.com.br\\\/profissionais\\\/#\\\/schema\\\/person\\\/388bcc3748ecb15af9cf746c36dda2d0\",\"name\":\"Dani M. Souza\",\"image\":{\"@type\":\"ImageObject\",\"inLanguage\":\"pt-BR\",\"@id\":\"https:\\\/\\\/dmscarreiras.com.br\\\/profissionais\\\/wp-content\\\/uploads\\\/2021\\\/11\\\/fotosite2-150x150.png\",\"url\":\"https:\\\/\\\/dmscarreiras.com.br\\\/profissionais\\\/wp-content\\\/uploads\\\/2021\\\/11\\\/fotosite2-150x150.png\",\"contentUrl\":\"https:\\\/\\\/dmscarreiras.com.br\\\/profissionais\\\/wp-content\\\/uploads\\\/2021\\\/11\\\/fotosite2-150x150.png\",\"caption\":\"Dani M. Souza\"},\"logo\":{\"@id\":\"https:\\\/\\\/dmscarreiras.com.br\\\/profissionais\\\/wp-content\\\/uploads\\\/2021\\\/11\\\/fotosite2-150x150.png\"},\"description\":\"Eu ajudo profissionais do meio ambiente a serem felizes e realizados profissionalmente\",\"sameAs\":[\"http:\\\/\\\/danielamirandaz.com\\\/\",\"https:\\\/\\\/www.facebook.com\\\/coachdanielamirandaz\\\/\",\"https:\\\/\\\/www.instagram.com\\\/coachdanielamirandaz\\\/\",\"https:\\\/\\\/www.linkedin.com\\\/in\\\/danimsouza\\\/\"]}]}<\/script>\n<!-- \/ Yoast SEO plugin. -->","yoast_head_json":{"title":"Sobre mim - DMS Carreiras","robots":{"index":"index","follow":"follow","max-snippet":"max-snippet:-1","max-image-preview":"max-image-preview:large","max-video-preview":"max-video-preview:-1"},"canonical":"https:\/\/dmscarreiras.com.br\/profissionais\/sobre-mim\/","og_locale":"pt_BR","og_type":"article","og_title":"Sobre mim - DMS Carreiras","og_description":"Quem sou eu? Sobre mim Seja bem vindo Sou Daniela Miranda de Souza, ge\u00f3grafa, coach e mentora de carreiras para profissionais de meio ambiental e atuo no mercado ambiental h\u00e1 15 anos.\u200b Amo mapas e meio ambiente, mas senti h\u00e1 necessidade de explorar outras possibilidades de atua\u00e7\u00e3o. Depois de uma jornada de autoconhecimento percebi que [&hellip;]","og_url":"https:\/\/dmscarreiras.com.br\/profissionais\/sobre-mim\/","og_site_name":"DMS Carreiras","article_publisher":"https:\/\/www.facebook.com\/coachdanielamirandaz\/","article_modified_time":"2025-09-25T12:47:49+00:00","og_image":[{"width":846,"height":897,"url":"https:\/\/dmscarreiras.com.br\/profissionais\/wp-content\/uploads\/2025\/09\/Imagem-do-WhatsApp-de-2024-03-23-as-09.47.12_cd90c6a7_rec.webp","type":"image\/webp"}],"twitter_card":"summary_large_image","twitter_misc":{"Est. tempo de leitura":"1 minuto"},"schema":{"@context":"https:\/\/schema.org","@graph":[{"@type":"WebPage","@id":"https:\/\/dmscarreiras.com.br\/profissionais\/sobre-mim\/","url":"https:\/\/dmscarreiras.com.br\/profissionais\/sobre-mim\/","name":"Sobre mim - DMS Carreiras","isPartOf":{"@id":"https:\/\/dmscarreiras.com.br\/profissionais\/#website"},"primaryImageOfPage":{"@id":"https:\/\/dmscarreiras.com.br\/profissionais\/sobre-mim\/#primaryimage"},"image":{"@id":"https:\/\/dmscarreiras.com.br\/profissionais\/sobre-mim\/#primaryimage"},"thumbnailUrl":"https:\/\/dmscarreiras.com.br\/profissionais\/wp-content\/uploads\/2025\/09\/Imagem-do-WhatsApp-de-2024-03-23-as-09.47.12_cd90c6a7_rec.webp","datePublished":"2025-09-20T02:21:05+00:00","dateModified":"2025-09-25T12:47:49+00:00","breadcrumb":{"@id":"https:\/\/dmscarreiras.com.br\/profissionais\/sobre-mim\/#breadcrumb"},"inLanguage":"pt-BR","potentialAction":[{"@type":"ReadAction","target":["https:\/\/dmscarreiras.com.br\/profissionais\/sobre-mim\/"]}]},{"@type":"ImageObject","inLanguage":"pt-BR","@id":"https:\/\/dmscarreiras.com.br\/profissionais\/sobre-mim\/#primaryimage","url":"https:\/\/dmscarreiras.com.br\/profissionais\/wp-content\/uploads\/2025\/09\/Imagem-do-WhatsApp-de-2024-03-23-as-09.47.12_cd90c6a7_rec.webp","contentUrl":"https:\/\/dmscarreiras.com.br\/profissionais\/wp-content\/uploads\/2025\/09\/Imagem-do-WhatsApp-de-2024-03-23-as-09.47.12_cd90c6a7_rec.webp","width":846,"height":897},{"@type":"BreadcrumbList","@id":"https:\/\/dmscarreiras.com.br\/profissionais\/sobre-mim\/#breadcrumb","itemListElement":[{"@type":"ListItem","position":1,"name":"In\u00edcio","item":"https:\/\/dmscarreiras.com.br\/profissionais\/"},{"@type":"ListItem","position":2,"name":"Sobre mim"}]},{"@type":"WebSite","@id":"https:\/\/dmscarreiras.com.br\/profissionais\/#website","url":"https:\/\/dmscarreiras.com.br\/profissionais\/","name":"Daniela Mirandaz","description":"Mentora de Carreira Ambientais","publisher":{"@id":"https:\/\/dmscarreiras.com.br\/profissionais\/#\/schema\/person\/388bcc3748ecb15af9cf746c36dda2d0"},"potentialAction":[{"@type":"SearchAction","target":{"@type":"EntryPoint","urlTemplate":"https:\/\/dmscarreiras.com.br\/profissionais\/?s={search_term_string}"},"query-input":{"@type":"PropertyValueSpecification","valueRequired":true,"valueName":"search_term_string"}}],"inLanguage":"pt-BR"},{"@type":["Person","Organization"],"@id":"https:\/\/dmscarreiras.com.br\/profissionais\/#\/schema\/person\/388bcc3748ecb15af9cf746c36dda2d0","name":"Dani M. Souza","image":{"@type":"ImageObject","inLanguage":"pt-BR","@id":"https:\/\/dmscarreiras.com.br\/profissionais\/wp-content\/uploads\/2021\/11\/fotosite2-150x150.png","url":"https:\/\/dmscarreiras.com.br\/profissionais\/wp-content\/uploads\/2021\/11\/fotosite2-150x150.png","contentUrl":"https:\/\/dmscarreiras.com.br\/profissionais\/wp-content\/uploads\/2021\/11\/fotosite2-150x150.png","caption":"Dani M. Souza"},"logo":{"@id":"https:\/\/dmscarreiras.com.br\/profissionais\/wp-content\/uploads\/2021\/11\/fotosite2-150x150.png"},"description":"Eu ajudo profissionais do meio ambiente a serem felizes e realizados profissionalmente","sameAs":["http:\/\/danielamirandaz.com\/","https:\/\/www.facebook.com\/coachdanielamirandaz\/","https:\/\/www.instagram.com\/coachdanielamirandaz\/","https:\/\/www.linkedin.com\/in\/danimsouza\/"]}]}},"_links":{"self":[{"href":"https:\/\/dmscarreiras.com.br\/profissionais\/wp-json\/wp\/v2\/pages\/4420","targetHints":{"allow":["GET"]}}],"collection":[{"href":"https:\/\/dmscarreiras.com.br\/profissionais\/wp-json\/wp\/v2\/pages"}],"about":[{"href":"https:\/\/dmscarreiras.com.br\/profissionais\/wp-json\/wp\/v2\/types\/page"}],"author":[{"embeddable":true,"href":"https:\/\/dmscarreiras.com.br\/profissionais\/wp-json\/wp\/v2\/users\/1"}],"replies":[{"embeddable":true,"href":"https:\/\/dmscarreiras.com.br\/profissionais\/wp-json\/wp\/v2\/comments?post=4420"}],"version-history":[{"count":117,"href":"https:\/\/dmscarreiras.com.br\/profissionais\/wp-json\/wp\/v2\/pages\/4420\/revisions"}],"predecessor-version":[{"id":6150,"href":"https:\/\/dmscarreiras.com.br\/profissionais\/wp-json\/wp\/v2\/pages\/4420\/revisions\/6150"}],"wp:attachment":[{"href":"https:\/\/dmscarreiras.com.br\/profissionais\/wp-json\/wp\/v2\/media?parent=4420"}],"curies":[{"name":"wp","href":"https:\/\/api.w.org\/{rel}","templated":true}]}}